{"id":640,"date":"2021-03-19T10:07:13","date_gmt":"2021-03-19T10:07:13","guid":{"rendered":"https:\/\/mireya-demo.bslthemes.com\/?page_id=351"},"modified":"2024-05-17T20:54:47","modified_gmt":"2024-05-17T20:54:47","slug":"contacto","status":"publish","type":"page","link":"https:\/\/bossredonda.com\/index.php\/contacto\/","title":{"rendered":"Contacto"},"content":{"rendered":"\t\t<div data-elementor-type=\"wp-page\" data-elementor-id=\"640\" class=\"elementor elementor-640\">\n\t\t\t\t\t\t<section class=\"elementor-section elementor-top-section elementor-element elementor-element-51837dd elementor-section-boxed elementor-section-height-default elementor-section-height-default\" data-id=\"51837dd\" data-element_type=\"section\" data-e-type=\"section\">\n\t\t\t\t\t\t<div class=\"elementor-container elementor-column-gap-default\">\n\t\t\t\t\t<div class=\"elementor-column elementor-col-100 elementor-top-column elementor-element elementor-element-dd63709\" data-id=\"dd63709\" data-element_type=\"column\" data-e-type=\"column\">\n\t\t\t<div class=\"elementor-widget-wrap elementor-element-populated\">\n\t\t\t\t\t\t<div class=\"elementor-element elementor-element-d710fd1 elementor-widget elementor-widget-mireya-contact-form\" data-id=\"d710fd1\" data-element_type=\"widget\" data-e-type=\"widget\" data-widget_type=\"mireya-contact-form.default\">\n\t\t\t\t<div class=\"elementor-widget-container\">\n\t\t\t\t\t\n\t\t<div class=\"container\">\n\t\t\t<div class=\"row justify-content-center\">\n\t\t\t\t\t\t\t\t<div class=\"col-lg-12\">\n\t\t\t\t\t<div class=\"mry-main-title mry-title-center mry-p-0-40\">\n\t\t\t\t\t\t\t\t\t\t\t\t<div class=\"mry-numbering mry-fo\">\n\t\t\t\t\t\t\t\t\t\t\t\t\t\t\t\t\t\t\t\t\t<div class=\"mry-subtitle\">\n\t\t\t\t\t\t\t\t<span >\n\t\t\t\t\t          \t\tCotizaci\u00f3n \t\t\t\t\t         \t<\/span>\n\t\t\t\t\t\t\t<\/div>\n\t\t\t\t\t\t\t\t\t\t\t\t\t<\/div>\n\t\t\t\t\t\t\t\t\t\t\t\t\t\t\t\t\t\t<h2 class=\"mry-fo mry-title--h\">\n\t\t\t\t\t\t\t<span >\n\t\t\t\t          \t\tContacto\t\t\t\t         \t<\/span>\n\t\t\t\t\t\t<\/h2>\n\t\t\t\t\t\t\t\t\t\t\t<\/div>\n\t\t\t\t<\/div>\n\t\t\t\t\t\t\t\t\t\t\t\t<div class=\"col-lg-8 mry-mb-100\">\n\t\t\t\t\t\n<div class=\"wpcf7 no-js\" id=\"wpcf7-f652-o1\" lang=\"en-US\" dir=\"ltr\" data-wpcf7-id=\"652\">\n<div class=\"screen-reader-response\"><p role=\"status\" aria-live=\"polite\" aria-atomic=\"true\"><\/p> <ul><\/ul><\/div>\n<form action=\"\/index.php\/wp-json\/wp\/v2\/pages\/640#wpcf7-f652-o1\" method=\"post\" class=\"wpcf7-form init aed9f8af8379 cmatic-disconn cmatic-aud-0 cmatic-mapd0-0 cmatic-v0976 cmatic-sent-0 cmatic-total-0\" aria-label=\"Contact form\" novalidate=\"novalidate\" data-status=\"init\">\n<div style=\"display: none;\">\n<input type=\"hidden\" name=\"_wpcf7\" value=\"652\" \/>\n<input type=\"hidden\" name=\"_wpcf7_version\" value=\"6.0.6\" \/>\n<input type=\"hidden\" name=\"_wpcf7_locale\" value=\"en_US\" \/>\n<input type=\"hidden\" name=\"_wpcf7_unit_tag\" value=\"wpcf7-f652-o1\" \/>\n<input type=\"hidden\" name=\"_wpcf7_container_post\" value=\"0\" \/>\n<input type=\"hidden\" name=\"_wpcf7_posted_data_hash\" value=\"\" \/>\n<\/div>\n<div class=\"mry-form\">\n\t<div class=\"row\">\n\t\t<div class=\"col-lg-6\">\n\t\t\t<label class=\"mry-label mry-fo\" for=\"firstName\">Nombre<\/label>\n\t\t\t<div class=\"mry-fo\"><span class=\"wpcf7-form-control-wrap\" data-name=\"your-firstname\"><input size=\"40\" maxlength=\"400\" class=\"wpcf7-form-control wpcf7-text wpcf7-validates-as-required mry-default-link\" id=\"firstName\" aria-required=\"true\" aria-invalid=\"false\" placeholder=\"Tu nombre\" value=\"\" type=\"text\" name=\"your-firstname\" \/><\/span><\/div>\n\t\t<\/div>\n\t\t<div class=\"col-lg-6\">\n\t\t\t<label class=\"mry-label mry-fo\" for=\"lastName\">Apellido<\/label>\n\t\t\t<div class=\"mry-fo\"><span class=\"wpcf7-form-control-wrap\" data-name=\"your-lastname\"><input size=\"40\" maxlength=\"400\" class=\"wpcf7-form-control wpcf7-text wpcf7-validates-as-required mry-default-link\" id=\"lastName\" aria-required=\"true\" aria-invalid=\"false\" placeholder=\"Apellido\" value=\"\" type=\"text\" name=\"your-lastname\" \/><\/span><\/div>\n\t\t<\/div>\n\t<\/div>\n\n\t<div class=\"row\">\n\t\t<div class=\"col-lg-6\">\n\t\t\t<label class=\"mry-label mry-fo\" for=\"email\">Correo electr\u00f3nico<\/label>\n\t\t\t<div class=\"mry-fo\"><span class=\"wpcf7-form-control-wrap\" data-name=\"your-email\"><input size=\"40\" maxlength=\"400\" class=\"wpcf7-form-control wpcf7-email wpcf7-validates-as-required wpcf7-text wpcf7-validates-as-email mry-default-link\" id=\"email\" aria-required=\"true\" aria-invalid=\"false\" placeholder=\"tucorreo@electr\u00f3nico.com\" value=\"\" type=\"email\" name=\"your-email\" \/><\/span><\/div>\n\t\t<\/div>\n\t\t<div class=\"col-lg-6\">\n\t\t\t<label class=\"mry-label mry-fo\" for=\"phone\">WhatsApp<\/label>\n\t\t\t<div class=\"mry-fo\"><span class=\"wpcf7-form-control-wrap\" data-name=\"your-tel\"><input size=\"40\" maxlength=\"400\" class=\"wpcf7-form-control wpcf7-tel wpcf7-validates-as-required wpcf7-text wpcf7-validates-as-tel mry-default-link\" id=\"phone\" aria-required=\"true\" aria-invalid=\"false\" placeholder=\"Escr\u00edbe tu n\u00famero de tel\u00e9fono\" value=\"\" type=\"tel\" name=\"your-tel\" \/><\/span><\/div>\n\t\t<\/div>\n\t<\/div>\n\n\t<div class=\"mry-fade-object\">\n\t\t<label class=\"mry-label mry-fo\" for=\"message\">Comentario<\/label>\n\t\t<div class=\"mry-fo\"><span class=\"wpcf7-form-control-wrap\" data-name=\"your-message\"><textarea cols=\"40\" rows=\"10\" maxlength=\"2000\" class=\"wpcf7-form-control wpcf7-textarea wpcf7-validates-as-required mry-default-link\" id=\"message\" aria-required=\"true\" aria-invalid=\"false\" placeholder=\"Escr\u00edbenos tus dudas o consultas\" name=\"your-message\"><\/textarea><\/span><\/div>\n\t<\/div>\n\t<div class=\"row align-items-center\">\n\t\t<div class=\"col-lg-4\">\n\t\t\t<div class=\"mry-fo\"><button type=\"submit\" class=\"mry-btn mry-default-link\">Enviar<\/button><\/div>\n\t\t<\/div>\n\t\t<div class=\"col-lg-8\">\n\t\t\t<p class=\"mry-text mry-simple-text mry-contact-hint mry-fo\"><span class=\"mry-color-text\">*<\/span>.<\/p>\n\t\t<\/div>\n\t<\/div>\n<\/div><div class=\"wpcf7-response-output\" aria-hidden=\"true\"><\/div>\n<\/form>\n<\/div>\n\t\t\t\t<\/div>\n\t\t\t\t\t\t\t<\/div>\n\t\t<\/div>\n\n\t\t\t\t\t\t<\/div>\n\t\t\t\t<\/div>\n\t\t\t\t\t<\/div>\n\t\t<\/div>\n\t\t\t\t\t<\/div>\n\t\t<\/section>\n\t\t\t\t<section class=\"elementor-section elementor-top-section elementor-element elementor-element-d8652b3 elementor-section-full_width elementor-section-height-default elementor-section-height-default\" data-id=\"d8652b3\" data-element_type=\"section\" data-e-type=\"section\">\n\t\t\t\t\t\t<div class=\"elementor-container elementor-column-gap-no\">\n\t\t\t\t\t<div class=\"elementor-column elementor-col-100 elementor-top-column elementor-element elementor-element-ee2486b\" data-id=\"ee2486b\" data-element_type=\"column\" data-e-type=\"column\">\n\t\t\t<div class=\"elementor-widget-wrap elementor-element-populated\">\n\t\t\t\t\t\t<section class=\"elementor-section elementor-inner-section elementor-element elementor-element-9cd0641 elementor-section-boxed elementor-section-height-default elementor-section-height-default\" data-id=\"9cd0641\" data-element_type=\"section\" data-e-type=\"section\">\n\t\t\t\t\t\t<div class=\"elementor-container elementor-column-gap-default\">\n\t\t\t\t\t<div class=\"elementor-column elementor-col-100 elementor-inner-column elementor-element elementor-element-fbb9bdb\" data-id=\"fbb9bdb\" data-element_type=\"column\" data-e-type=\"column\">\n\t\t\t<div class=\"elementor-widget-wrap elementor-element-populated\">\n\t\t\t\t\t\t<div class=\"elementor-element elementor-element-f335efd elementor-widget elementor-widget-google_maps\" data-id=\"f335efd\" data-element_type=\"widget\" data-e-type=\"widget\" data-widget_type=\"google_maps.default\">\n\t\t\t\t<div class=\"elementor-widget-container\">\n\t\t\t\t\t\t\t<div class=\"elementor-custom-embed\">\n\t\t\t<iframe loading=\"lazy\"\n\t\t\t\t\tsrc=\"https:\/\/maps.google.com\/maps?q=amazonas%2011%2C%20ensue%C3%B1os%2C%20cuautitlan%20izcalli&#038;t=m&#038;z=18&#038;output=embed&#038;iwloc=near\"\n\t\t\t\t\ttitle=\"amazonas 11, ensue\u00f1os, cuautitlan izcalli\"\n\t\t\t\t\taria-label=\"amazonas 11, ensue\u00f1os, cuautitlan izcalli\"\n\t\t\t><\/iframe>\n\t\t<\/div>\n\t\t\t\t\t\t<\/div>\n\t\t\t\t<\/div>\n\t\t\t\t\t<\/div>\n\t\t<\/div>\n\t\t\t\t\t<\/div>\n\t\t<\/section>\n\t\t\t\t\t<\/div>\n\t\t<\/div>\n\t\t\t\t\t<\/div>\n\t\t<\/section>\n\t\t\t\t<section class=\"elementor-section elementor-top-section elementor-element elementor-element-b53e859 elementor-section-boxed elementor-section-height-default elementor-section-height-default\" data-id=\"b53e859\" data-element_type=\"section\" data-e-type=\"section\">\n\t\t\t\t\t\t<div class=\"elementor-container elementor-column-gap-default\">\n\t\t\t\t\t<div class=\"elementor-column elementor-col-100 elementor-top-column elementor-element elementor-element-1a16ace\" data-id=\"1a16ace\" data-element_type=\"column\" data-e-type=\"column\">\n\t\t\t<div class=\"elementor-widget-wrap\">\n\t\t\t\t\t\t\t<\/div>\n\t\t<\/div>\n\t\t\t\t\t<\/div>\n\t\t<\/section>\n\t\t\t\t<section class=\"elementor-section elementor-top-section elementor-element elementor-element-1e48f6d elementor-section-full_width elementor-section-height-default elementor-section-height-default\" data-id=\"1e48f6d\" data-element_type=\"section\" data-e-type=\"section\">\n\t\t\t\t\t\t<div class=\"elementor-container elementor-column-gap-no\">\n\t\t\t\t\t<div class=\"elementor-column elementor-col-100 elementor-top-column elementor-element elementor-element-eb6e135\" data-id=\"eb6e135\" data-element_type=\"column\" data-e-type=\"column\">\n\t\t\t<div class=\"elementor-widget-wrap elementor-element-populated\">\n\t\t\t\t\t\t<div class=\"elementor-element elementor-element-e7bdd42 elementor-widget elementor-widget-mireya-cta\" data-id=\"e7bdd42\" data-element_type=\"widget\" data-e-type=\"widget\" data-widget_type=\"mireya-cta.default\">\n\t\t\t\t<div class=\"elementor-widget-container\">\n\t\t\t\t\t\n\t\t<div class=\"mry-about mry-about-cta\">\n\t\t\t<div class=\"container\">\n\t\t\t\t<div class=\"row\">\n\t\t\t\t\t<div class=\"col-lg-12\">\n\t\t\t\t\t\t<div class=\"mry-main-title mry-title-center mry-p-100-100\">\n\t\t\t\t\t\t\t\t\t\t\t\t\t\t<div class=\"mry-subtitle mry-mb-20 mry-fo\">\n\t\t\t\t\t\t\t\t<span >\n\t\t\t\t\t          \t\tProyectos\t\t\t\t\t        \t<\/span>\n\t\t\t\t\t\t\t<\/div>\n\t\t\t\t\t\t\t\t\t\t\t\t\t\t\t\t\t\t\t\t\t<h2 class=\"mry-h1 mry-mb-20 mry-fo mry-title--h\">\n\t\t\t\t\t\t\t\t\t\t\t\t\t\t\t\t<span >\n\t\t\t\t\t          \t\t\u00bfYa conoces \t\t\t\t\t        \t<\/span>\n\t\t\t\t\t        \t\t\t\t\t\t        \t\t\t\t\t\t\t\t\t<span class=\"mry-border-text\">\n\t\t\t\t\t\t\t\t\t<span >\n\t\t\t\t\t\t          \t\tnuestros proyectos?\t\t\t\t\t\t        \t<\/span>\n\t\t\t\t\t\t\t\t<\/span>\n\t\t\t\t\t\t\t\t\t\t\t\t\t\t\t<\/h2>\n\t\t\t\t\t\t\t\t\t\t\t\t\t\t\t\t\t\t\t\t\t<div class=\"mry-text mry-mb-30 mry-fo\">\n\t\t\t\t\t\t\t\t<div >\n\t\t\t\t\t          \t\t<p>Tenemos algunos proyectos para compartirte.&nbsp;<\/p>\t\t\t\t\t        \t<\/div>\n\t\t\t\t\t\t\t<\/div>\n\t\t\t\t\t\t\t\n\t\t\t\t\t\t\t\t\t\t\t\t\t\t<div class=\"mry-fo\">\n\t\t\t\t\t\t\t\t\t\t\t\t\t\t\t\t<a href=\"\/mireya\/portfolio\/\" class=\"mry-anima-link mry-btn mry-btn-color mry-default-link\">\n\t\t\t\t\t\t\t\t\t<span >\n\t\t\t\t\t\t          \t\tView Portfolio\t\t\t\t\t\t        \t<\/span>\n\t\t\t\t\t\t\t\t<\/a>\n\t\t\t\t\t\t\t\t\t\t\t\t\t\t\t\t\t\t\t\t\t\t\t<\/div>\n\t\t\t\t\t\t\t\t\t\t\t\t\t<\/div>\n\t\t\t\t\t<\/div>\n\t\t\t\t<\/div>\n\t\t\t<\/div>\n\t\t<\/div>\n\n\t\t\t\t\t\t<\/div>\n\t\t\t\t<\/div>\n\t\t\t\t\t<\/div>\n\t\t<\/div>\n\t\t\t\t\t<\/div>\n\t\t<\/section>\n\t\t\t\t<\/div>\n\t\t","protected":false},"excerpt":{"rendered":"<p>Cotizaci\u00f3n Contacto First Name Last Name Email Phone Message Send message * We promise not to share your personal information&#8230; <span class=\"mry-el-more mry-fo\"><a href=\"https:\/\/bossredonda.com\/index.php\/contacto\/\" class=\"mry-link mry-default-link\">Read more<\/a><\/span><\/p>\n","protected":false},"author":1,"featured_media":0,"parent":0,"menu_order":0,"comment_status":"closed","ping_status":"closed","template":"template-layout-builder.php","meta":{"_joinchat":[],"footnotes":""},"class_list":["post-640","page","type-page","status-publish","hentry"],"acf":[],"aioseo_notices":[],"_links":{"self":[{"href":"https:\/\/bossredonda.com\/index.php\/wp-json\/wp\/v2\/pages\/640"}],"collection":[{"href":"https:\/\/bossredonda.com\/index.php\/wp-json\/wp\/v2\/pages"}],"about":[{"href":"https:\/\/bossredonda.com\/index.php\/wp-json\/wp\/v2\/types\/page"}],"author":[{"embeddable":true,"href":"https:\/\/bossredonda.com\/index.php\/wp-json\/wp\/v2\/users\/1"}],"replies":[{"embeddable":true,"href":"https:\/\/bossredonda.com\/index.php\/wp-json\/wp\/v2\/comments?post=640"}],"version-history":[{"count":0,"href":"https:\/\/bossredonda.com\/index.php\/wp-json\/wp\/v2\/pages\/640\/revisions"}],"wp:attachment":[{"href":"https:\/\/bossredonda.com\/index.php\/wp-json\/wp\/v2\/media?parent=640"}],"curies":[{"name":"wp","href":"https:\/\/api.w.org\/{rel}","templated":true}]}}